{"id":1727,"date":"2021-06-17T15:14:12","date_gmt":"2021-06-17T15:14:12","guid":{"rendered":"https:\/\/toab.se\/personvernerklaering-og-cookies\/"},"modified":"2024-06-06T15:01:25","modified_gmt":"2024-06-06T15:01:25","slug":"personvernerklaering-og-cookies","status":"publish","type":"page","link":"https:\/\/toab.se\/no\/personvernerklaering-og-cookies\/","title":{"rendered":"Personvernerkl\u00e6ring og cookies"},"content":{"rendered":"\n\n\t\t<h2>\n\t\t\tCookies\n\t\t<\/h2>\n\t<p>Informasjonskapsler er sm\u00e5 tekstfiler som et nettsted ber om \u00e5 lagre p\u00e5 datamaskinen din. Informasjonskapselen sender deretter informasjon tilbake til oss eller en tredjepart som vi samarbeider med. En tredjepart kan f.eks. v\u00e6re sosiale medier og annonse- og analyseselskaper. Hvilken informasjon som sendes avhenger av hvilken type informasjonskapsel det er.<\/p>\n<h3>\n\t\tUlike typer cookies\n\t<\/h3>\n\t<p><strong>Strengt n\u00f8dvendige cookies: <\/strong> Noen cookies er n\u00f8dvendige for at grunnleggende funksjoner p\u00e5 et nettsted skal fungere. Denne typen cookies forsvinner n\u00e5r du lukker nettleseren eller enheten din.<\/p>\n<p><strong>Funksjonalitetscookies eller vedvarende informasjonscookies:<\/strong> Andre informasjonskapsler brukes for \u00e5 gj\u00f8re det enklere \u00e5 bruke nettstedet. De kan huske hvilke valg du har gjort slik at du slipper \u00e5 gj\u00f8re de samme innstillingene igjen.<\/p>\n<p><strong>Analytiske informasjonscookies eller tredjeparts informasjonscookies: <\/strong> Andre informasjonscookies brukes til \u00e5 analysere hvordan bes\u00f8kende bruker nettstedet. Det er f.eks. interessant for oss \u00e5 vite hvor mange som bes\u00f8ker en bestemt side og hvor lenge de blir p\u00e5 nettsiden. Google Analytics samler inn informasjon og rapporterer bruksstatistikk for nettsider <strong>uten \u00e5 identifisere individuelle bes\u00f8kende<\/strong> p\u00e5 Google.<\/p>\n<p>Du kan lese mer om <a href=\"https:\/\/policies.google.com\/privacy?hl=sv\">Googles personvernregler her.<\/a><\/p>\n<p>Dersom du ikke \u00f8nsker at bes\u00f8kene dine p\u00e5 denne nettsiden skal vises i statistikken i Google Analytics, finnes det et tillegg som du kan installere i nettleseren din. Du kan laste ned tillegget fra Googles nettsted.<\/p>\n<h3>\n\t\tVi bruker f\u00f8lgende cookies:\n\t<\/h3>\n\t<p><strong>Strenge cookies:<\/strong> Cookies som WordPress bruker for at siden skal fungere.<\/p>\n<p><strong>Analytiske cookies: <\/strong> Google Analytics<\/p>\n<h3>\n\t\tFjern cookies\n\t<\/h3>\n\t<p>Hvis du vil surfe uten informasjonskapsler, kan du endre innstillingene i nettleseren din. Hvis du velger \u00e5 surfe uten informasjonskapsler, kan det hende du ikke kan bruke visse funksjoner p\u00e5 nettstedet. For \u00e5 slette cookies: se hjelpedokumentasjonen for din n\u00e5v\u00e6rende nettleser.<\/p>\n<ul>\n<li><a href=\"https:\/\/support.google.com\/accounts\/answer\/32050?hl=sv&amp;co=GENIE.Platform%3DDesktop\" target=\"_blank\" rel=\"noopener\"><strong>Google <\/strong><strong>Chrome<\/strong><\/a><\/li>\n<li><strong><a href=\"https:\/\/support.microsoft.com\/sv-se\/windows\/hantera-cookies-i-microsoft-edge-visa-till%C3%A5ta-blockera-ta-bort-och-anv%C3%A4nda-168dab11-0753-043d-7c16-ede5947fc64d\" target=\"_blank\" rel=\"noopener\">Edge<\/a><\/strong><\/li>\n<li><a href=\"https:\/\/support.microsoft.com\/sv-se\/windows\/visa-och-ta-bort-webbhistorik-i-internet-explorer-098ffe52-5ac9-a449-c296-c735c32c8678\" target=\"_blank\" rel=\"noopener\"><strong>Internet Explorer<\/strong><\/a><\/li>\n<li><a href=\"https:\/\/support.mozilla.org\/sv\/kb\/rensa-kakor-och-webbplatsdata-firefox\" target=\"_blank\" rel=\"noopener\"><strong>Mozilla Firefox<\/strong><\/a><\/li>\n<li><a href=\"https:\/\/support.apple.com\/sv-se\/guide\/safari\/sfri11471\/11.0\/mac\/10.13\" target=\"_blank\" rel=\"noopener\"><strong>Safari (datamaskin)<\/strong><\/a><\/li>\n<li><a href=\"https:\/\/support.apple.com\/sv-se\/105082\" target=\"_blank\" rel=\"noopener\"><strong>Safari (mobil)<\/strong><\/a><\/li>\n<li><a href=\"https:\/\/support.google.com\/accounts\/answer\/32050?hl=en&amp;co=GENIE.Platform%3DAndroid\" target=\"_blank\" rel=\"noopener\"><strong>Webbl\u00e4sare Android<\/strong><\/a><\/li>\n<li><a href=\"https:\/\/blogs.opera.com\/tips-and-tricks\/2023\/04\/clean-browser-and-remove-trackers\/\" target=\"_blank\" rel=\"noopener\"><strong>Opera<\/strong><\/a><\/li>\n<\/ul>\n\t\t<h2>\n\t\t\tHantering av personuppgifter\n\t\t<\/h2>\n\t<p>TOABs nettside ligger p\u00e5 et svensk webhotell som h\u00e5ndterer informasjon i henhold til lovene som gjelder i Sverige. Ingen personlige data lagres p\u00e5 nettsidens server.<\/p>\n<h3>\n\t\tKoblet innhold fra andre nettsteder\n\t<\/h3>\n\t<p>P\u00e5 nettsiden v\u00e5r er det filmer som ligger p\u00e5 v\u00e5re leverand\u00f8rers YouTube-kanaler.<\/p>\n<p>Innebygd innhold fra andre nettsteder oppf\u00f8rer seg n\u00f8yaktig som om du bes\u00f8kte det koblede nettstedet.<\/p>\n<p>Disse nettstedene kan samle inn data om deg, bruke cookies, bygge inn ytterligere tredjepartssporing og overv\u00e5ke interaksjonen din med det innebygde innholdet, inkludert sporing av interaksjonen din med det innebygde innholdet hvis du har en konto og er logget inn p\u00e5 det nettstedet.<\/p>\n<h3>\n\t\tVi deler ikke personopplysninger\n\t<\/h3>\n\t<p>Fyller du ut og sender inn et kontaktskjema p\u00e5 nettsiden, svarer vi med en e-post. Hvis vi mottar et ytterligere svar p\u00e5 v\u00e5r svar-e-post, vil opplysningene dine bli arkivert som en potensiell kunde.<\/p>\n<h3>\n\t\tDine rettigheter til dine personlige data\n\t<\/h3>\n\t<p>Du kan be om at vi sletter alle personopplysninger vi har om deg. Dette inkluderer ikke data som vi er p\u00e5lagt \u00e5 beholde for administrative, juridiske eller sikkerhetsmessige form\u00e5l.<\/p>\n\n","protected":false},"excerpt":{"rendered":"<p>Cookies Informasjonskapsler er sm\u00e5 tekstfiler som et nettsted ber om \u00e5 lagre p\u00e5 datamaskinen din. Informasjonskapselen sender deretter informasjon tilbake til oss eller en tredjepart som vi samarbeider med. En tredjepart kan f.eks. v\u00e6re sosiale medier og annonse- og analyseselskaper. Hvilken informasjon som sendes avhenger av hvilken type informasjonskapsel det er. Ulike typer cookies Strengt &#8230; <a title=\"Personvernerkl\u00e6ring og cookies\" class=\"read-more\" href=\"https:\/\/toab.se\/no\/personvernerklaering-og-cookies\/\" aria-label=\"Read more about Personvernerkl\u00e6ring og cookies\">Les mer<\/a><\/p>\n","protected":false},"author":1,"featured_media":0,"parent":0,"menu_order":0,"comment_status":"closed","ping_status":"closed","template":"","meta":{"footnotes":""},"class_list":["post-1727","page","type-page","status-publish"],"yoast_head":"<!-- This site is optimized with the Yoast SEO plugin v27.4 - https:\/\/yoast.com\/product\/yoast-seo-wordpress\/ -->\n<title>Personvernerkl\u00e6ring og cookies - Toab.se<\/title>\n<meta name=\"robots\" content=\"index, follow, max-snippet:-1, max-image-preview:large, max-video-preview:-1\" \/>\n<link rel=\"canonical\" href=\"https:\/\/toab.se\/no\/personvernerklaering-og-cookies\/\" \/>\n<meta property=\"og:locale\" content=\"nb_NO\" \/>\n<meta property=\"og:type\" content=\"article\" \/>\n<meta property=\"og:title\" content=\"Personvernerkl\u00e6ring og cookies - Toab.se\" \/>\n<meta property=\"og:description\" content=\"Cookies Informasjonskapsler er sm\u00e5 tekstfiler som et nettsted ber om \u00e5 lagre p\u00e5 datamaskinen din. Informasjonskapselen sender deretter informasjon tilbake til oss eller en tredjepart som vi samarbeider med. En tredjepart kan f.eks. v\u00e6re sosiale medier og annonse- og analyseselskaper. Hvilken informasjon som sendes avhenger av hvilken type informasjonskapsel det er. Ulike typer cookies Strengt ... Les mer\" \/>\n<meta property=\"og:url\" content=\"https:\/\/toab.se\/no\/personvernerklaering-og-cookies\/\" \/>\n<meta property=\"og:site_name\" content=\"Toab.se\" \/>\n<meta property=\"article:modified_time\" content=\"2024-06-06T15:01:25+00:00\" \/>\n<meta name=\"twitter:card\" content=\"summary_large_image\" \/>\n<meta name=\"twitter:label1\" content=\"Ansl. lesetid\" \/>\n\t<meta name=\"twitter:data1\" content=\"2 minutter\" \/>\n<script type=\"application\/ld+json\" class=\"yoast-schema-graph\">{\"@context\":\"https:\\\/\\\/schema.org\",\"@graph\":[{\"@type\":\"WebPage\",\"@id\":\"https:\\\/\\\/toab.se\\\/no\\\/personvernerklaering-og-cookies\\\/\",\"url\":\"https:\\\/\\\/toab.se\\\/no\\\/personvernerklaering-og-cookies\\\/\",\"name\":\"Personvernerkl\u00e6ring og cookies - Toab.se\",\"isPartOf\":{\"@id\":\"https:\\\/\\\/toab.se\\\/no\\\/#website\"},\"datePublished\":\"2021-06-17T15:14:12+00:00\",\"dateModified\":\"2024-06-06T15:01:25+00:00\",\"breadcrumb\":{\"@id\":\"https:\\\/\\\/toab.se\\\/no\\\/personvernerklaering-og-cookies\\\/#breadcrumb\"},\"inLanguage\":\"nb-NO\",\"potentialAction\":[{\"@type\":\"ReadAction\",\"target\":[\"https:\\\/\\\/toab.se\\\/no\\\/personvernerklaering-og-cookies\\\/\"]}]},{\"@type\":\"BreadcrumbList\",\"@id\":\"https:\\\/\\\/toab.se\\\/no\\\/personvernerklaering-og-cookies\\\/#breadcrumb\",\"itemListElement\":[{\"@type\":\"ListItem\",\"position\":1,\"name\":\"Hem\",\"item\":\"https:\\\/\\\/toab.se\\\/no\\\/\"},{\"@type\":\"ListItem\",\"position\":2,\"name\":\"Personvernerkl\u00e6ring og cookies\"}]},{\"@type\":\"WebSite\",\"@id\":\"https:\\\/\\\/toab.se\\\/no\\\/#website\",\"url\":\"https:\\\/\\\/toab.se\\\/no\\\/\",\"name\":\"Toab.se\",\"description\":\"My WordPress Blog\",\"potentialAction\":[{\"@type\":\"SearchAction\",\"target\":{\"@type\":\"EntryPoint\",\"urlTemplate\":\"https:\\\/\\\/toab.se\\\/no\\\/?s={search_term_string}\"},\"query-input\":{\"@type\":\"PropertyValueSpecification\",\"valueRequired\":true,\"valueName\":\"search_term_string\"}}],\"inLanguage\":\"nb-NO\"}]}<\/script>\n<!-- \/ Yoast SEO plugin. -->","yoast_head_json":{"title":"Personvernerkl\u00e6ring og cookies - Toab.se","robots":{"index":"index","follow":"follow","max-snippet":"max-snippet:-1","max-image-preview":"max-image-preview:large","max-video-preview":"max-video-preview:-1"},"canonical":"https:\/\/toab.se\/no\/personvernerklaering-og-cookies\/","og_locale":"nb_NO","og_type":"article","og_title":"Personvernerkl\u00e6ring og cookies - Toab.se","og_description":"Cookies Informasjonskapsler er sm\u00e5 tekstfiler som et nettsted ber om \u00e5 lagre p\u00e5 datamaskinen din. Informasjonskapselen sender deretter informasjon tilbake til oss eller en tredjepart som vi samarbeider med. En tredjepart kan f.eks. v\u00e6re sosiale medier og annonse- og analyseselskaper. Hvilken informasjon som sendes avhenger av hvilken type informasjonskapsel det er. Ulike typer cookies Strengt ... Les mer","og_url":"https:\/\/toab.se\/no\/personvernerklaering-og-cookies\/","og_site_name":"Toab.se","article_modified_time":"2024-06-06T15:01:25+00:00","twitter_card":"summary_large_image","twitter_misc":{"Ansl. lesetid":"2 minutter"},"schema":{"@context":"https:\/\/schema.org","@graph":[{"@type":"WebPage","@id":"https:\/\/toab.se\/no\/personvernerklaering-og-cookies\/","url":"https:\/\/toab.se\/no\/personvernerklaering-og-cookies\/","name":"Personvernerkl\u00e6ring og cookies - Toab.se","isPartOf":{"@id":"https:\/\/toab.se\/no\/#website"},"datePublished":"2021-06-17T15:14:12+00:00","dateModified":"2024-06-06T15:01:25+00:00","breadcrumb":{"@id":"https:\/\/toab.se\/no\/personvernerklaering-og-cookies\/#breadcrumb"},"inLanguage":"nb-NO","potentialAction":[{"@type":"ReadAction","target":["https:\/\/toab.se\/no\/personvernerklaering-og-cookies\/"]}]},{"@type":"BreadcrumbList","@id":"https:\/\/toab.se\/no\/personvernerklaering-og-cookies\/#breadcrumb","itemListElement":[{"@type":"ListItem","position":1,"name":"Hem","item":"https:\/\/toab.se\/no\/"},{"@type":"ListItem","position":2,"name":"Personvernerkl\u00e6ring og cookies"}]},{"@type":"WebSite","@id":"https:\/\/toab.se\/no\/#website","url":"https:\/\/toab.se\/no\/","name":"Toab.se","description":"My WordPress Blog","potentialAction":[{"@type":"SearchAction","target":{"@type":"EntryPoint","urlTemplate":"https:\/\/toab.se\/no\/?s={search_term_string}"},"query-input":{"@type":"PropertyValueSpecification","valueRequired":true,"valueName":"search_term_string"}}],"inLanguage":"nb-NO"}]}},"_links":{"self":[{"href":"https:\/\/toab.se\/no\/wp-json\/wp\/v2\/pages\/1727","targetHints":{"allow":["GET"]}}],"collection":[{"href":"https:\/\/toab.se\/no\/wp-json\/wp\/v2\/pages"}],"about":[{"href":"https:\/\/toab.se\/no\/wp-json\/wp\/v2\/types\/page"}],"author":[{"embeddable":true,"href":"https:\/\/toab.se\/no\/wp-json\/wp\/v2\/users\/1"}],"replies":[{"embeddable":true,"href":"https:\/\/toab.se\/no\/wp-json\/wp\/v2\/comments?post=1727"}],"version-history":[{"count":2,"href":"https:\/\/toab.se\/no\/wp-json\/wp\/v2\/pages\/1727\/revisions"}],"predecessor-version":[{"id":1729,"href":"https:\/\/toab.se\/no\/wp-json\/wp\/v2\/pages\/1727\/revisions\/1729"}],"wp:attachment":[{"href":"https:\/\/toab.se\/no\/wp-json\/wp\/v2\/media?parent=1727"}],"curies":[{"name":"wp","href":"https:\/\/api.w.org\/{rel}","templated":true}]}}